{"id":6394,"date":"2011-10-20T10:27:26","date_gmt":"2011-10-20T10:27:26","guid":{"rendered":"http:\/\/li-mac.org\/wp\/?page_id=6394"},"modified":"2013-11-16T12:48:15","modified_gmt":"2013-11-16T12:48:15","slug":"may-ddmm-serie","status":"publish","type":"page","link":"https:\/\/li-mac.org\/es\/collection\/limac-collection\/miguel-aguirre\/work\/may-ddmm-serie\/","title":{"rendered":"De la serie DD\/MM"},"content":{"rendered":"<p>En la serie <em>DD\/MM<\/em> hay hechos violentos y contextos o situaciones filtrados por la violencia producidos en distintas partes del mundo.<\/p>\n<p>Estas im\u00e1genes -que han sido obtenidas en su mayor\u00eda mediante c\u00e1maras de video-vigilancia y v\u00eddeos caseros o publicadas en la prensa impresa- son copiadas al \u00f3leo respetando, cuando es el caso, la baja gama crom\u00e1tica de las tomas.<\/p>","protected":false},"excerpt":{"rendered":"<p><strong>Miguel Aguirre<\/strong> <small>(Per\u00fa, 1973)<\/small><br \/>\n2008 &#8211; 2010<br \/>\n\u00f3leo sobre lienzo<br \/>\ndimensiones variables<\/p>\n<p><small><a href=\"http:\/\/miguelaguirre.com\/home\" rel=\"external\">(Cortes\u00eda del artista)<\/a><\/small><\/p>\n","protected":false},"author":2,"featured_media":6339,"parent":1558,"menu_order":548,"comment_status":"open","ping_status":"open","template":"image.php","meta":{"footnotes":""},"class_list":["post-6394","page","type-page","status-publish","has-post-thumbnail","hentry"],"_links":{"self":[{"href":"https:\/\/li-mac.org\/es\/wp-json\/wp\/v2\/pages\/6394","targetHints":{"allow":["GET"]}}],"collection":[{"href":"https:\/\/li-mac.org\/es\/wp-json\/wp\/v2\/pages"}],"about":[{"href":"https:\/\/li-mac.org\/es\/wp-json\/wp\/v2\/types\/page"}],"author":[{"embeddable":true,"href":"https:\/\/li-mac.org\/es\/wp-json\/wp\/v2\/users\/2"}],"replies":[{"embeddable":true,"href":"https:\/\/li-mac.org\/es\/wp-json\/wp\/v2\/comments?post=6394"}],"version-history":[{"count":14,"href":"https:\/\/li-mac.org\/es\/wp-json\/wp\/v2\/pages\/6394\/revisions"}],"predecessor-version":[{"id":18257,"href":"https:\/\/li-mac.org\/es\/wp-json\/wp\/v2\/pages\/6394\/revisions\/18257"}],"up":[{"embeddable":true,"href":"https:\/\/li-mac.org\/es\/wp-json\/wp\/v2\/pages\/1558"}],"wp:featuredmedia":[{"embeddable":true,"href":"https:\/\/li-mac.org\/es\/wp-json\/wp\/v2\/media\/6339"}],"wp:attachment":[{"href":"https:\/\/li-mac.org\/es\/wp-json\/wp\/v2\/media?parent=6394"}],"curies":[{"name":"wp","href":"https:\/\/api.w.org\/{rel}","templated":true}]}}