{"id":6740,"date":"2011-10-22T20:10:20","date_gmt":"2011-10-22T20:10:20","guid":{"rendered":"http:\/\/li-mac.org\/wp\/?page_id=6740"},"modified":"2012-09-11T19:44:35","modified_gmt":"2012-09-11T19:44:35","slug":"action-direct-cimtier-likid","status":"publish","type":"page","link":"https:\/\/li-mac.org\/es\/projects\/d-i-y-scores\/action-direct-cimtier-likid\/","title":{"rendered":"Action directe, Cimtier likid, Napalm dance, Civil agression"},"content":{"rendered":"","protected":false},"excerpt":{"rendered":"<p><strong>Partituras D.I.Y<\/strong><br \/>\n1998<br \/>\nFranc\u00eda, Paris, P\u00e9niche Blues caf\u00e9<br \/>\nfotocopia collage<br \/>\nA5<br \/>\n<small>(Cortes\u00eda archivo Partituras D.I.Y)<\/small><\/p>\n","protected":false},"author":2,"featured_media":6680,"parent":329,"menu_order":693,"comment_status":"open","ping_status":"open","template":"image.php","meta":{"footnotes":""},"class_list":["post-6740","page","type-page","status-publish","has-post-thumbnail","hentry"],"_links":{"self":[{"href":"https:\/\/li-mac.org\/es\/wp-json\/wp\/v2\/pages\/6740","targetHints":{"allow":["GET"]}}],"collection":[{"href":"https:\/\/li-mac.org\/es\/wp-json\/wp\/v2\/pages"}],"about":[{"href":"https:\/\/li-mac.org\/es\/wp-json\/wp\/v2\/types\/page"}],"author":[{"embeddable":true,"href":"https:\/\/li-mac.org\/es\/wp-json\/wp\/v2\/users\/2"}],"replies":[{"embeddable":true,"href":"https:\/\/li-mac.org\/es\/wp-json\/wp\/v2\/comments?post=6740"}],"version-history":[{"count":7,"href":"https:\/\/li-mac.org\/es\/wp-json\/wp\/v2\/pages\/6740\/revisions"}],"predecessor-version":[{"id":13560,"href":"https:\/\/li-mac.org\/es\/wp-json\/wp\/v2\/pages\/6740\/revisions\/13560"}],"up":[{"embeddable":true,"href":"https:\/\/li-mac.org\/es\/wp-json\/wp\/v2\/pages\/329"}],"wp:featuredmedia":[{"embeddable":true,"href":"https:\/\/li-mac.org\/es\/wp-json\/wp\/v2\/media\/6680"}],"wp:attachment":[{"href":"https:\/\/li-mac.org\/es\/wp-json\/wp\/v2\/media?parent=6740"}],"curies":[{"name":"wp","href":"https:\/\/api.w.org\/{rel}","templated":true}]}}