{"id":6876,"date":"2011-11-02T23:53:15","date_gmt":"2011-11-02T23:53:15","guid":{"rendered":"http:\/\/li-mac.org\/wp\/?page_id=6876"},"modified":"2014-01-02T12:33:38","modified_gmt":"2014-01-02T12:33:38","slug":"le-pouvoir-a-prendre-ou-a-garder-power-to-take-or-to-keep","status":"publish","type":"page","link":"https:\/\/li-mac.org\/es\/projects\/active-poster\/le-pouvoir-a-prendre-ou-a-garder-power-to-take-or-to-keep\/","title":{"rendered":"Le pouvoir: A prendre ou \u00e0 Garder (El poder: a tomar o mantener)"},"content":{"rendered":"<p>El texto de este afiche dice lo siguiente:<\/p>\n<p>El poder: a tomar o mantener \u2026 en tu nombre, pero sin ti!<\/p>\n<p>Tanto el terrorismo de Estado y el terrorismo organizado\u00a0 tienen su propia legitimaci\u00f3n para el asesinato. Axioma b\u00e1sico: la persona no existe frente a la maravillosa esperanza de las ma\u00f1anas cantantes. El terrorismo es un intercambio de signos de poder entre las personas que lo ejercen y toman en nombre de la masas. Y el terrorismo de Estado, as\u00ed como el \u201cprogresista\u201d tallan como un cuchillo dentro de la masa a la que le tienen el mayor desprecio. El terrorismo \u201ctrata\u201d con el Estado.\u00a0 Deseo paranoico de negociar en el mismo campo. D\u00e9jame ver tu poder, te mostrar\u00e9 el m\u00edo. Los cuerpos se vuelven nada, no son m\u00e1s que mercanc\u00edas, significantes, s\u00edmbolos.<\/p>\n<p>Este cartel fue publicado por primera vez en formato Din A4 en \u201cMEFI\u201d en su segundo n\u00famero, el mes de febrero 1978. \u201cMEFI\u201d es una publicaci\u00f3n de la editorial \u201cTinta negra\u201d. Esta tienda de comics en Marsella fue destruida en agosto de 1980 por una carga explosiva de la extrema derecha \u2026<\/p>\n<p>La emancipaci\u00f3n de los impresores ser\u00e1 obra de los propios impresores (etc. ..)<\/p>","protected":false},"excerpt":{"rendered":"<p><strong>ASBL<\/strong><br \/>\n1975 (circa)<br \/>\nFrancia, Burdeos<br \/>\nafiche offset<br \/>\n61 x 42 cm.<br \/>\n<small>(Cortes\u00eda del archivo Afiche activo)<\/small><\/p>\n","protected":false},"author":2,"featured_media":6818,"parent":308,"menu_order":154,"comment_status":"open","ping_status":"open","template":"image.php","meta":{"footnotes":""},"class_list":["post-6876","page","type-page","status-publish","has-post-thumbnail","hentry"],"_links":{"self":[{"href":"https:\/\/li-mac.org\/es\/wp-json\/wp\/v2\/pages\/6876","targetHints":{"allow":["GET"]}}],"collection":[{"href":"https:\/\/li-mac.org\/es\/wp-json\/wp\/v2\/pages"}],"about":[{"href":"https:\/\/li-mac.org\/es\/wp-json\/wp\/v2\/types\/page"}],"author":[{"embeddable":true,"href":"https:\/\/li-mac.org\/es\/wp-json\/wp\/v2\/users\/2"}],"replies":[{"embeddable":true,"href":"https:\/\/li-mac.org\/es\/wp-json\/wp\/v2\/comments?post=6876"}],"version-history":[{"count":20,"href":"https:\/\/li-mac.org\/es\/wp-json\/wp\/v2\/pages\/6876\/revisions"}],"predecessor-version":[{"id":19327,"href":"https:\/\/li-mac.org\/es\/wp-json\/wp\/v2\/pages\/6876\/revisions\/19327"}],"up":[{"embeddable":true,"href":"https:\/\/li-mac.org\/es\/wp-json\/wp\/v2\/pages\/308"}],"wp:featuredmedia":[{"embeddable":true,"href":"https:\/\/li-mac.org\/es\/wp-json\/wp\/v2\/media\/6818"}],"wp:attachment":[{"href":"https:\/\/li-mac.org\/es\/wp-json\/wp\/v2\/media?parent=6876"}],"curies":[{"name":"wp","href":"https:\/\/api.w.org\/{rel}","templated":true}]}}