{"id":6882,"date":"2011-11-02T23:59:02","date_gmt":"2011-11-02T23:59:02","guid":{"rendered":"http:\/\/li-mac.org\/wp\/?page_id=6882"},"modified":"2014-01-02T12:33:00","modified_gmt":"2014-01-02T12:33:00","slug":"mayday","status":"publish","type":"page","link":"https:\/\/li-mac.org\/es\/projects\/active-poster\/mayday\/","title":{"rendered":"Primero de Mayo &#8211; Celebrad la historia de la humanidad"},"content":{"rendered":"<p>(El dibujo de este afiche fue hecho por el artista y activista pol\u00edtico Eric Drooker en 1993)<\/p>\n<p>El afiche dice lo siguiente:<\/p>\n<p>El primero de mayo es el d\u00eda internacional de los trabajadores, un momento de celebraci\u00f3n y de oposici\u00f3n en todo el mundo, excepto en los Estados Unidos, donde se origin\u00f3. Conmemora el primero de mayo 1886 donde todo el pa\u00eds protest\u00f3 para conseguir la jornada de ocho horas laborales y el consiguiente \u201cmartirio de Haymarket\u201d, un evento crucial en la historia de los movimientos anarquistas obreros\u00a0 en el que cuatro sindicalistas fueron ahorcados por el Estado en Chicago. El primero de mayo es tambi\u00e9n la fecha de la antigua celebraci\u00f3n de la primavera y el renacimiento, la \u00e9poca tradicional para la siembra de nuevas semillas en suelo antiguo.<\/p>","protected":false},"excerpt":{"rendered":"<p><strong>Eric Drooker (Estados Unidos, 1958)<\/strong><br \/>\n2004<br \/>\nU.$.A<br \/>\nposter off-set en color<br \/>\n38,5 x 27,5 cm.<br \/>\n<small>(Cortes\u00eda del archivo Afiche activo)<\/small><\/p>\n","protected":false},"author":2,"featured_media":6822,"parent":308,"menu_order":178,"comment_status":"open","ping_status":"open","template":"image.php","meta":{"footnotes":""},"class_list":["post-6882","page","type-page","status-publish","has-post-thumbnail","hentry"],"_links":{"self":[{"href":"https:\/\/li-mac.org\/es\/wp-json\/wp\/v2\/pages\/6882","targetHints":{"allow":["GET"]}}],"collection":[{"href":"https:\/\/li-mac.org\/es\/wp-json\/wp\/v2\/pages"}],"about":[{"href":"https:\/\/li-mac.org\/es\/wp-json\/wp\/v2\/types\/page"}],"author":[{"embeddable":true,"href":"https:\/\/li-mac.org\/es\/wp-json\/wp\/v2\/users\/2"}],"replies":[{"embeddable":true,"href":"https:\/\/li-mac.org\/es\/wp-json\/wp\/v2\/comments?post=6882"}],"version-history":[{"count":11,"href":"https:\/\/li-mac.org\/es\/wp-json\/wp\/v2\/pages\/6882\/revisions"}],"predecessor-version":[{"id":19322,"href":"https:\/\/li-mac.org\/es\/wp-json\/wp\/v2\/pages\/6882\/revisions\/19322"}],"up":[{"embeddable":true,"href":"https:\/\/li-mac.org\/es\/wp-json\/wp\/v2\/pages\/308"}],"wp:featuredmedia":[{"embeddable":true,"href":"https:\/\/li-mac.org\/es\/wp-json\/wp\/v2\/media\/6822"}],"wp:attachment":[{"href":"https:\/\/li-mac.org\/es\/wp-json\/wp\/v2\/media?parent=6882"}],"curies":[{"name":"wp","href":"https:\/\/api.w.org\/{rel}","templated":true}]}}