{"id":6888,"date":"2011-11-03T00:04:07","date_gmt":"2011-11-03T00:04:07","guid":{"rendered":"http:\/\/li-mac.org\/wp\/?page_id=6888"},"modified":"2012-09-11T20:04:03","modified_gmt":"2012-09-11T20:04:03","slug":"drawing-resistance","status":"publish","type":"page","link":"https:\/\/li-mac.org\/es\/projects\/active-poster\/drawing-resistance\/","title":{"rendered":"Dibujando Resistencia &#8211; Una exposici\u00f3n de arte pol\u00edtico viajando"},"content":{"rendered":"<p>Este cartel de exposici\u00f3n incluye las siguientes citas:<\/p>\n<p>\u00abEl arte no es un espejo que refleja la realidad, sino un martillo con el que darle forma.\u00bb Bertold Brecht<\/p>\n<p>\u00abEl elemento m\u00e1s violento en la sociedad es la ignorancia\u00bb Emma Goldman<\/p>","protected":false},"excerpt":{"rendered":"<p><strong>Pasie<\/strong><br \/>\n2005<br \/>\nU.$.A<br \/>\noff-set poster<br \/>\n42 x 27,5 cm.<br \/>\n<small>(Cortes\u00eda del archivo Afiche activo)<\/small><\/p>\n","protected":false},"author":2,"featured_media":6827,"parent":308,"menu_order":179,"comment_status":"open","ping_status":"open","template":"image.php","meta":{"footnotes":""},"class_list":["post-6888","page","type-page","status-publish","has-post-thumbnail","hentry"],"_links":{"self":[{"href":"https:\/\/li-mac.org\/es\/wp-json\/wp\/v2\/pages\/6888","targetHints":{"allow":["GET"]}}],"collection":[{"href":"https:\/\/li-mac.org\/es\/wp-json\/wp\/v2\/pages"}],"about":[{"href":"https:\/\/li-mac.org\/es\/wp-json\/wp\/v2\/types\/page"}],"author":[{"embeddable":true,"href":"https:\/\/li-mac.org\/es\/wp-json\/wp\/v2\/users\/2"}],"replies":[{"embeddable":true,"href":"https:\/\/li-mac.org\/es\/wp-json\/wp\/v2\/comments?post=6888"}],"version-history":[{"count":11,"href":"https:\/\/li-mac.org\/es\/wp-json\/wp\/v2\/pages\/6888\/revisions"}],"predecessor-version":[{"id":13603,"href":"https:\/\/li-mac.org\/es\/wp-json\/wp\/v2\/pages\/6888\/revisions\/13603"}],"up":[{"embeddable":true,"href":"https:\/\/li-mac.org\/es\/wp-json\/wp\/v2\/pages\/308"}],"wp:featuredmedia":[{"embeddable":true,"href":"https:\/\/li-mac.org\/es\/wp-json\/wp\/v2\/media\/6827"}],"wp:attachment":[{"href":"https:\/\/li-mac.org\/es\/wp-json\/wp\/v2\/media?parent=6888"}],"curies":[{"name":"wp","href":"https:\/\/api.w.org\/{rel}","templated":true}]}}