{"id":7041,"date":"2011-11-03T23:32:34","date_gmt":"2011-11-03T23:32:34","guid":{"rendered":"http:\/\/li-mac.org\/wp\/?page_id=7041"},"modified":"2014-01-02T16:02:46","modified_gmt":"2014-01-02T16:02:46","slug":"the-ruling-class","status":"publish","type":"page","link":"https:\/\/li-mac.org\/es\/projects\/active-poster\/the-ruling-class\/","title":{"rendered":"La classe dominante"},"content":{"rendered":"<p>Este afiche dice lo siguiente:<\/p>\n<p>La clase dominante que ostenta los poderes pol\u00edticos, los medios financieros y culturales, as\u00ed como la polic\u00eda, el ej\u00e9rcito y la justicia institucional agradecen a los ciudadanos consumidores dejarse abusar en detrimento de las libertades individuales, colectivas y democr\u00e1ticas.<\/p>\n<p>De derecha a derecha, los se\u00f1ores de los pa\u00edses del G7 (los siete pa\u00edses m\u00e1s ricos a costa de los pobres): H. Kohl, J. Chirac, el primer siniestro de Canad\u00e1 y B. Clinton.<\/p>","protected":false},"excerpt":{"rendered":"<p><strong>DPC<\/strong><br \/>\n1998<br \/>\nFrancia, Paris<br \/>\nfotocopia poster<br \/>\n41 x 29 cm.<br \/>\n<small>(Cortes\u00eda del archivo Afiche activo)<\/small><\/p>\n","protected":false},"author":2,"featured_media":6815,"parent":308,"menu_order":165,"comment_status":"open","ping_status":"open","template":"image.php","meta":{"footnotes":""},"class_list":["post-7041","page","type-page","status-publish","has-post-thumbnail","hentry"],"_links":{"self":[{"href":"https:\/\/li-mac.org\/es\/wp-json\/wp\/v2\/pages\/7041","targetHints":{"allow":["GET"]}}],"collection":[{"href":"https:\/\/li-mac.org\/es\/wp-json\/wp\/v2\/pages"}],"about":[{"href":"https:\/\/li-mac.org\/es\/wp-json\/wp\/v2\/types\/page"}],"author":[{"embeddable":true,"href":"https:\/\/li-mac.org\/es\/wp-json\/wp\/v2\/users\/2"}],"replies":[{"embeddable":true,"href":"https:\/\/li-mac.org\/es\/wp-json\/wp\/v2\/comments?post=7041"}],"version-history":[{"count":12,"href":"https:\/\/li-mac.org\/es\/wp-json\/wp\/v2\/pages\/7041\/revisions"}],"predecessor-version":[{"id":19368,"href":"https:\/\/li-mac.org\/es\/wp-json\/wp\/v2\/pages\/7041\/revisions\/19368"}],"up":[{"embeddable":true,"href":"https:\/\/li-mac.org\/es\/wp-json\/wp\/v2\/pages\/308"}],"wp:featuredmedia":[{"embeddable":true,"href":"https:\/\/li-mac.org\/es\/wp-json\/wp\/v2\/media\/6815"}],"wp:attachment":[{"href":"https:\/\/li-mac.org\/es\/wp-json\/wp\/v2\/media?parent=7041"}],"curies":[{"name":"wp","href":"https:\/\/api.w.org\/{rel}","templated":true}]}}