{"id":7126,"date":"2011-11-04T17:19:36","date_gmt":"2011-11-04T17:19:36","guid":{"rendered":"http:\/\/li-mac.org\/wp\/?page_id=7126"},"modified":"2013-12-16T21:57:52","modified_gmt":"2013-12-16T21:57:52","slug":"yankee-go-home","status":"publish","type":"page","link":"https:\/\/li-mac.org\/es\/projects\/social-fragments\/yankee-go-home\/","title":{"rendered":"Gringo vuelvete a casa"},"content":{"rendered":"<p>La parte posterior de la postal dice lo siguiente:<\/p>\n<p>Yankee Go Home fotografiado Leeds 1985<\/p>\n<p>Por cada d\u00f3lar que las compa\u00f1\u00edas de EE.UU. invierten en Am\u00e9rica Latina, tres d\u00f3lares se acumulan a los EE.UU. en ingresos&#8217; -Departamento de Comercio de EE.UU.<\/p>","protected":false},"excerpt":{"rendered":"<p><strong>Fragmentos sociales<\/strong><br \/>\n1985<br \/>\nleeds postcard<br \/>\n10,5 x 15 cm.<br \/>\n<small>(Cortes\u00eda del archivo Fragmentos sociales)<\/small><\/p>\n","protected":false},"author":2,"featured_media":7119,"parent":327,"menu_order":498,"comment_status":"open","ping_status":"open","template":"image.php","meta":{"footnotes":""},"class_list":["post-7126","page","type-page","status-publish","has-post-thumbnail","hentry"],"_links":{"self":[{"href":"https:\/\/li-mac.org\/es\/wp-json\/wp\/v2\/pages\/7126","targetHints":{"allow":["GET"]}}],"collection":[{"href":"https:\/\/li-mac.org\/es\/wp-json\/wp\/v2\/pages"}],"about":[{"href":"https:\/\/li-mac.org\/es\/wp-json\/wp\/v2\/types\/page"}],"author":[{"embeddable":true,"href":"https:\/\/li-mac.org\/es\/wp-json\/wp\/v2\/users\/2"}],"replies":[{"embeddable":true,"href":"https:\/\/li-mac.org\/es\/wp-json\/wp\/v2\/comments?post=7126"}],"version-history":[{"count":7,"href":"https:\/\/li-mac.org\/es\/wp-json\/wp\/v2\/pages\/7126\/revisions"}],"predecessor-version":[{"id":18841,"href":"https:\/\/li-mac.org\/es\/wp-json\/wp\/v2\/pages\/7126\/revisions\/18841"}],"up":[{"embeddable":true,"href":"https:\/\/li-mac.org\/es\/wp-json\/wp\/v2\/pages\/327"}],"wp:featuredmedia":[{"embeddable":true,"href":"https:\/\/li-mac.org\/es\/wp-json\/wp\/v2\/media\/7119"}],"wp:attachment":[{"href":"https:\/\/li-mac.org\/es\/wp-json\/wp\/v2\/media?parent=7126"}],"curies":[{"name":"wp","href":"https:\/\/api.w.org\/{rel}","templated":true}]}}