{"id":762,"date":"2011-08-24T21:51:16","date_gmt":"2011-08-24T21:51:16","guid":{"rendered":"http:\/\/li-mac.org\/wp\/"},"modified":"2012-01-18T04:27:15","modified_gmt":"2012-01-18T04:27:15","slug":"daros","status":"publish","type":"page","link":"https:\/\/li-mac.org\/es\/library\/books-zurich\/book-covers\/daros\/","title":{"rendered":"Face to Face (Cara a cara)"},"content":{"rendered":"<p>Esta pintura fue hecha al tama\u00f1o original del libro \u00abFace to Face\u00bb (Cara a cara). El libro est\u00e1 dividido en dos exposiones hechas a partir de obras de la colecci\u00f3n Daros en Z\u00fcrich.\u00a0 La publicaci\u00f3n establece un di\u00e1logo entre el arte de la post guerra y el arte contempor\u00e1neo. Se public\u00f3 en 2008 por la editorial Hatje Cantz Verlag.<\/p>","protected":false},"excerpt":{"rendered":"<p><strong>Biblioteca LiMAC<\/strong><br \/>\n2009<br \/>\n\u00f3leo sobre lienzo<br \/>\n28,5 x 25,5 x 4 cm.<\/p>\n","protected":false},"author":2,"featured_media":763,"parent":752,"menu_order":0,"comment_status":"open","ping_status":"open","template":"image.php","meta":{"footnotes":""},"class_list":["post-762","page","type-page","status-publish","has-post-thumbnail","hentry"],"_links":{"self":[{"href":"https:\/\/li-mac.org\/es\/wp-json\/wp\/v2\/pages\/762","targetHints":{"allow":["GET"]}}],"collection":[{"href":"https:\/\/li-mac.org\/es\/wp-json\/wp\/v2\/pages"}],"about":[{"href":"https:\/\/li-mac.org\/es\/wp-json\/wp\/v2\/types\/page"}],"author":[{"embeddable":true,"href":"https:\/\/li-mac.org\/es\/wp-json\/wp\/v2\/users\/2"}],"replies":[{"embeddable":true,"href":"https:\/\/li-mac.org\/es\/wp-json\/wp\/v2\/comments?post=762"}],"version-history":[{"count":22,"href":"https:\/\/li-mac.org\/es\/wp-json\/wp\/v2\/pages\/762\/revisions"}],"predecessor-version":[{"id":771,"href":"https:\/\/li-mac.org\/es\/wp-json\/wp\/v2\/pages\/762\/revisions\/771"}],"up":[{"embeddable":true,"href":"https:\/\/li-mac.org\/es\/wp-json\/wp\/v2\/pages\/752"}],"wp:featuredmedia":[{"embeddable":true,"href":"https:\/\/li-mac.org\/es\/wp-json\/wp\/v2\/media\/763"}],"wp:attachment":[{"href":"https:\/\/li-mac.org\/es\/wp-json\/wp\/v2\/media?parent=762"}],"curies":[{"name":"wp","href":"https:\/\/api.w.org\/{rel}","templated":true}]}}