{"id":773,"date":"2011-08-24T22:23:26","date_gmt":"2011-08-24T22:23:26","guid":{"rendered":"http:\/\/li-mac.org\/wp\/"},"modified":"2012-01-18T04:27:59","modified_gmt":"2012-01-18T04:27:59","slug":"painted","status":"publish","type":"page","link":"https:\/\/li-mac.org\/es\/library\/books-zurich\/book-covers\/painted\/","title":{"rendered":"Painted! (Pintado!)"},"content":{"rendered":"<p>Esta pintura fue hecha al tama\u00f1o original del libro \u00abPintado!\u00bb, una carpeta que incluye tres cat\u00e1logos publicados con motivo de las exposiciones individuales de los artistas Beate G\u00fcnther, Guillermo Kuitca y Richard Allen Morris en las salas de exposiciones Daros de Z\u00fcrich.<\/p>","protected":false},"excerpt":{"rendered":"<p><strong>Biblioteca LiMAC<\/strong><br \/>\n2009<br \/>\noleo sobre lienzo<br \/>\n29 x 23 x 3 cm.<\/p>\n","protected":false},"author":2,"featured_media":774,"parent":752,"menu_order":937,"comment_status":"open","ping_status":"open","template":"image.php","meta":{"footnotes":""},"class_list":["post-773","page","type-page","status-publish","has-post-thumbnail","hentry"],"_links":{"self":[{"href":"https:\/\/li-mac.org\/es\/wp-json\/wp\/v2\/pages\/773","targetHints":{"allow":["GET"]}}],"collection":[{"href":"https:\/\/li-mac.org\/es\/wp-json\/wp\/v2\/pages"}],"about":[{"href":"https:\/\/li-mac.org\/es\/wp-json\/wp\/v2\/types\/page"}],"author":[{"embeddable":true,"href":"https:\/\/li-mac.org\/es\/wp-json\/wp\/v2\/users\/2"}],"replies":[{"embeddable":true,"href":"https:\/\/li-mac.org\/es\/wp-json\/wp\/v2\/comments?post=773"}],"version-history":[{"count":15,"href":"https:\/\/li-mac.org\/es\/wp-json\/wp\/v2\/pages\/773\/revisions"}],"predecessor-version":[{"id":11695,"href":"https:\/\/li-mac.org\/es\/wp-json\/wp\/v2\/pages\/773\/revisions\/11695"}],"up":[{"embeddable":true,"href":"https:\/\/li-mac.org\/es\/wp-json\/wp\/v2\/pages\/752"}],"wp:featuredmedia":[{"embeddable":true,"href":"https:\/\/li-mac.org\/es\/wp-json\/wp\/v2\/media\/774"}],"wp:attachment":[{"href":"https:\/\/li-mac.org\/es\/wp-json\/wp\/v2\/media?parent=773"}],"curies":[{"name":"wp","href":"https:\/\/api.w.org\/{rel}","templated":true}]}}