{"id":788,"date":"2011-08-24T22:30:14","date_gmt":"2011-08-24T22:30:14","guid":{"rendered":"http:\/\/li-mac.org\/wp\/"},"modified":"2012-01-18T04:28:51","modified_gmt":"2012-01-18T04:28:51","slug":"das-lied-von-der-erde","status":"publish","type":"page","link":"https:\/\/li-mac.org\/es\/library\/books-zurich\/book-covers\/das-lied-von-der-erde\/","title":{"rendered":"Das Lied von der Erde (El canto de la tierra)"},"content":{"rendered":"<p>Esta pintura fue hecha al tama\u00f1o original del libro \u00abDas Lied von der Erde\u00bb (La Canci\u00f3n de la Tierra). El libro cataloga la exposici\u00f3n individual del artista argentino Guillermo Kuitca en el centro de arte Daros en Z\u00fcrich. Fue publicado en 2006 por <em>Hatje Cantz Verlag<\/em>.<\/p>","protected":false},"excerpt":{"rendered":"<p><strong>Biblioteca LiMAC<\/strong><br \/>\n2009<br \/>\n\u00f3leo sobre lienzo<br \/>\n25 x 19 x 2 cm.<\/p>\n","protected":false},"author":2,"featured_media":780,"parent":752,"menu_order":943,"comment_status":"open","ping_status":"open","template":"image.php","meta":{"footnotes":""},"class_list":["post-788","page","type-page","status-publish","has-post-thumbnail","hentry"],"_links":{"self":[{"href":"https:\/\/li-mac.org\/es\/wp-json\/wp\/v2\/pages\/788","targetHints":{"allow":["GET"]}}],"collection":[{"href":"https:\/\/li-mac.org\/es\/wp-json\/wp\/v2\/pages"}],"about":[{"href":"https:\/\/li-mac.org\/es\/wp-json\/wp\/v2\/types\/page"}],"author":[{"embeddable":true,"href":"https:\/\/li-mac.org\/es\/wp-json\/wp\/v2\/users\/2"}],"replies":[{"embeddable":true,"href":"https:\/\/li-mac.org\/es\/wp-json\/wp\/v2\/comments?post=788"}],"version-history":[{"count":16,"href":"https:\/\/li-mac.org\/es\/wp-json\/wp\/v2\/pages\/788\/revisions"}],"predecessor-version":[{"id":11696,"href":"https:\/\/li-mac.org\/es\/wp-json\/wp\/v2\/pages\/788\/revisions\/11696"}],"up":[{"embeddable":true,"href":"https:\/\/li-mac.org\/es\/wp-json\/wp\/v2\/pages\/752"}],"wp:featuredmedia":[{"embeddable":true,"href":"https:\/\/li-mac.org\/es\/wp-json\/wp\/v2\/media\/780"}],"wp:attachment":[{"href":"https:\/\/li-mac.org\/es\/wp-json\/wp\/v2\/media?parent=788"}],"curies":[{"name":"wp","href":"https:\/\/api.w.org\/{rel}","templated":true}]}}