{"id":7881,"date":"2011-12-15T15:37:40","date_gmt":"2011-12-15T15:37:40","guid":{"rendered":"http:\/\/li-mac.org\/wp\/?page_id=7881"},"modified":"2012-12-10T16:57:18","modified_gmt":"2012-12-10T16:57:18","slug":"my-family-photo-album","status":"publish","type":"page","link":"https:\/\/li-mac.org\/es\/collection\/limac-collection\/jano-cortijo\/work\/my-family-photo-album\/","title":{"rendered":"My family photo album"},"content":{"rendered":"","protected":false},"excerpt":{"rendered":"<p><strong>Jano Cortijo<\/strong> <small>(Per\u00fa, 1973)<\/small><br \/>\n2004<br \/>\nInstalaci\u00f3n, mobiliario, \u00e1lbumes fotogr\u00e1ficos e impresiones digitales a partir de fotografias familiares.<\/p>\n<p><small>(Cortes\u00eda del artista)<\/small><\/p>\n","protected":false},"author":2,"featured_media":7882,"parent":1549,"menu_order":0,"comment_status":"open","ping_status":"open","template":"image.php","meta":{"footnotes":""},"class_list":["post-7881","page","type-page","status-publish","has-post-thumbnail","hentry"],"_links":{"self":[{"href":"https:\/\/li-mac.org\/es\/wp-json\/wp\/v2\/pages\/7881","targetHints":{"allow":["GET"]}}],"collection":[{"href":"https:\/\/li-mac.org\/es\/wp-json\/wp\/v2\/pages"}],"about":[{"href":"https:\/\/li-mac.org\/es\/wp-json\/wp\/v2\/types\/page"}],"author":[{"embeddable":true,"href":"https:\/\/li-mac.org\/es\/wp-json\/wp\/v2\/users\/2"}],"replies":[{"embeddable":true,"href":"https:\/\/li-mac.org\/es\/wp-json\/wp\/v2\/comments?post=7881"}],"version-history":[{"count":8,"href":"https:\/\/li-mac.org\/es\/wp-json\/wp\/v2\/pages\/7881\/revisions"}],"predecessor-version":[{"id":16166,"href":"https:\/\/li-mac.org\/es\/wp-json\/wp\/v2\/pages\/7881\/revisions\/16166"}],"up":[{"embeddable":true,"href":"https:\/\/li-mac.org\/es\/wp-json\/wp\/v2\/pages\/1549"}],"wp:featuredmedia":[{"embeddable":true,"href":"https:\/\/li-mac.org\/es\/wp-json\/wp\/v2\/media\/7882"}],"wp:attachment":[{"href":"https:\/\/li-mac.org\/es\/wp-json\/wp\/v2\/media?parent=7881"}],"curies":[{"name":"wp","href":"https:\/\/api.w.org\/{rel}","templated":true}]}}