{"id":7895,"date":"2011-12-15T16:17:50","date_gmt":"2011-12-15T16:17:50","guid":{"rendered":"http:\/\/li-mac.org\/wp\/?page_id=7895"},"modified":"2012-10-25T11:02:35","modified_gmt":"2012-10-25T11:02:35","slug":"you-havent-got-the-slightest-idea","status":"publish","type":"page","link":"https:\/\/li-mac.org\/es\/collection\/limac-collection\/jano-cortijo\/work\/you-havent-got-the-slightest-idea\/","title":{"rendered":"No tienes ni la menor idea"},"content":{"rendered":"","protected":false},"excerpt":{"rendered":"<p><strong>Jano Cortijo<\/strong> <small>(Per\u00fa, 1973)<\/small><br \/>\n1999<br \/>\n(De la serie Pacto con el momento incierto)<br \/>\nInstalaci\u00f3n fotogr\u00e1fica, fotograf\u00edas en color y blanco y negro, cajas huecas de madera, vidrio, medidas variables seg\u00fan instalaci\u00f3n.<\/p>\n<p><small>(Cortes\u00eda del artista)<\/small><\/p>\n","protected":false},"author":2,"featured_media":7887,"parent":1549,"menu_order":459,"comment_status":"open","ping_status":"open","template":"image.php","meta":{"footnotes":""},"class_list":["post-7895","page","type-page","status-publish","has-post-thumbnail","hentry"],"_links":{"self":[{"href":"https:\/\/li-mac.org\/es\/wp-json\/wp\/v2\/pages\/7895","targetHints":{"allow":["GET"]}}],"collection":[{"href":"https:\/\/li-mac.org\/es\/wp-json\/wp\/v2\/pages"}],"about":[{"href":"https:\/\/li-mac.org\/es\/wp-json\/wp\/v2\/types\/page"}],"author":[{"embeddable":true,"href":"https:\/\/li-mac.org\/es\/wp-json\/wp\/v2\/users\/2"}],"replies":[{"embeddable":true,"href":"https:\/\/li-mac.org\/es\/wp-json\/wp\/v2\/comments?post=7895"}],"version-history":[{"count":4,"href":"https:\/\/li-mac.org\/es\/wp-json\/wp\/v2\/pages\/7895\/revisions"}],"predecessor-version":[{"id":15160,"href":"https:\/\/li-mac.org\/es\/wp-json\/wp\/v2\/pages\/7895\/revisions\/15160"}],"up":[{"embeddable":true,"href":"https:\/\/li-mac.org\/es\/wp-json\/wp\/v2\/pages\/1549"}],"wp:featuredmedia":[{"embeddable":true,"href":"https:\/\/li-mac.org\/es\/wp-json\/wp\/v2\/media\/7887"}],"wp:attachment":[{"href":"https:\/\/li-mac.org\/es\/wp-json\/wp\/v2\/media?parent=7895"}],"curies":[{"name":"wp","href":"https:\/\/api.w.org\/{rel}","templated":true}]}}