{"id":794,"date":"2011-08-24T22:44:36","date_gmt":"2011-08-24T22:44:36","guid":{"rendered":"http:\/\/li-mac.org\/wp\/"},"modified":"2012-01-18T15:40:39","modified_gmt":"2012-01-18T15:40:39","slug":"der-traum-vom-ich-der-traum-from-the-dream-i-the-dream","status":"publish","type":"page","link":"https:\/\/li-mac.org\/es\/library\/books-zurich\/book-covers\/der-traum-vom-ich-der-traum-from-the-dream-i-the-dream\/","title":{"rendered":"El sue\u00f1o de mi mismo, el sue\u00f1o del mundo (Der Traum Vom Ich, Der Traum)"},"content":{"rendered":"<p>Esta pintura fue hecha al tama\u00f1o original del cat\u00e1logo\u00a0Der Traum Vom Ich, Der Traum ( El sue\u00f1o de mi mismo, el sue\u00f1o del mundo), una exposici\u00f3n que profundiza sobre los misterios existenciales de la fotograf\u00eda. La publicaci\u00f3n fue editada en 2005 por el <em>Fotomuseum de Winterthur<\/em> en Suiza.<\/p>","protected":false},"excerpt":{"rendered":"<p><strong>Biblioteca LiMAC<\/strong><br \/>\n2009<br \/>\n\u00f3leo sobre lienzo<br \/>\n24,5 x 19 x 0,8 cm<\/p>\n","protected":false},"author":2,"featured_media":775,"parent":752,"menu_order":969,"comment_status":"open","ping_status":"open","template":"image.php","meta":{"footnotes":""},"class_list":["post-794","page","type-page","status-publish","has-post-thumbnail","hentry"],"_links":{"self":[{"href":"https:\/\/li-mac.org\/es\/wp-json\/wp\/v2\/pages\/794","targetHints":{"allow":["GET"]}}],"collection":[{"href":"https:\/\/li-mac.org\/es\/wp-json\/wp\/v2\/pages"}],"about":[{"href":"https:\/\/li-mac.org\/es\/wp-json\/wp\/v2\/types\/page"}],"author":[{"embeddable":true,"href":"https:\/\/li-mac.org\/es\/wp-json\/wp\/v2\/users\/2"}],"replies":[{"embeddable":true,"href":"https:\/\/li-mac.org\/es\/wp-json\/wp\/v2\/comments?post=794"}],"version-history":[{"count":11,"href":"https:\/\/li-mac.org\/es\/wp-json\/wp\/v2\/pages\/794\/revisions"}],"predecessor-version":[{"id":12144,"href":"https:\/\/li-mac.org\/es\/wp-json\/wp\/v2\/pages\/794\/revisions\/12144"}],"up":[{"embeddable":true,"href":"https:\/\/li-mac.org\/es\/wp-json\/wp\/v2\/pages\/752"}],"wp:featuredmedia":[{"embeddable":true,"href":"https:\/\/li-mac.org\/es\/wp-json\/wp\/v2\/media\/775"}],"wp:attachment":[{"href":"https:\/\/li-mac.org\/es\/wp-json\/wp\/v2\/media?parent=794"}],"curies":[{"name":"wp","href":"https:\/\/api.w.org\/{rel}","templated":true}]}}