{"id":803,"date":"2011-08-24T23:01:00","date_gmt":"2011-08-24T23:01:00","guid":{"rendered":"http:\/\/li-mac.org\/wp\/"},"modified":"2012-01-18T15:42:44","modified_gmt":"2012-01-18T15:42:44","slug":"geschichten-geschichte-stories-history","status":"publish","type":"page","link":"https:\/\/li-mac.org\/es\/library\/books-zurich\/book-covers\/geschichten-geschichte-stories-history\/","title":{"rendered":"Historias, la historia (Geschichten, Geschichte)"},"content":{"rendered":"<p>Esta pintura fue hecha al tama\u00f1o original del cat\u00e1logo \u00abGeschichten, Geschichte\u00bb (Historias, la historia), una exposici\u00f3n que expande la noci\u00f3n del fotoperiodismo y la narraci\u00f3n de la imagen mediante obras de fot\u00f3grafos que no trabajan para periodicos. La publicaci\u00f3n fue editada en 2006 por el <em>Fotomuseum de Winterthur<\/em> en Suiza.<\/p>","protected":false},"excerpt":{"rendered":"<p><strong>Biblioteca LiMAC<\/strong><br \/>\n2009<br \/>\n\u00f3leo sobre lienzo<br \/>\n24,5 x 19 x 0,8 cm<\/p>\n","protected":false},"author":2,"featured_media":776,"parent":752,"menu_order":1031,"comment_status":"open","ping_status":"open","template":"image.php","meta":{"footnotes":""},"class_list":["post-803","page","type-page","status-publish","has-post-thumbnail","hentry"],"_links":{"self":[{"href":"https:\/\/li-mac.org\/es\/wp-json\/wp\/v2\/pages\/803","targetHints":{"allow":["GET"]}}],"collection":[{"href":"https:\/\/li-mac.org\/es\/wp-json\/wp\/v2\/pages"}],"about":[{"href":"https:\/\/li-mac.org\/es\/wp-json\/wp\/v2\/types\/page"}],"author":[{"embeddable":true,"href":"https:\/\/li-mac.org\/es\/wp-json\/wp\/v2\/users\/2"}],"replies":[{"embeddable":true,"href":"https:\/\/li-mac.org\/es\/wp-json\/wp\/v2\/comments?post=803"}],"version-history":[{"count":8,"href":"https:\/\/li-mac.org\/es\/wp-json\/wp\/v2\/pages\/803\/revisions"}],"predecessor-version":[{"id":12146,"href":"https:\/\/li-mac.org\/es\/wp-json\/wp\/v2\/pages\/803\/revisions\/12146"}],"up":[{"embeddable":true,"href":"https:\/\/li-mac.org\/es\/wp-json\/wp\/v2\/pages\/752"}],"wp:featuredmedia":[{"embeddable":true,"href":"https:\/\/li-mac.org\/es\/wp-json\/wp\/v2\/media\/776"}],"wp:attachment":[{"href":"https:\/\/li-mac.org\/es\/wp-json\/wp\/v2\/media?parent=803"}],"curies":[{"name":"wp","href":"https:\/\/api.w.org\/{rel}","templated":true}]}}