{"id":806,"date":"2011-08-24T23:14:35","date_gmt":"2011-08-24T23:14:35","guid":{"rendered":"http:\/\/li-mac.org\/wp\/"},"modified":"2012-01-18T04:38:51","modified_gmt":"2012-01-18T04:38:51","slug":"jerdermann-collection","status":"publish","type":"page","link":"https:\/\/li-mac.org\/es\/library\/books-zurich\/book-covers\/jerdermann-collection\/","title":{"rendered":"Colecci\u00f3n Jedermann"},"content":{"rendered":"<p>Esta pintura fue hecha al tama\u00f1o original del cat\u00e1logo de exposci\u00f3n \u201cColecci\u00f3n Jedermann\u201d que presenta una colecci\u00f3n de fotograf\u00edas contempor\u00e1neas hechas entre los a\u00f1os 60 y 90 y adquirida por el <em>Fotomuseum de Winterthur<\/em>. La publicaci\u00f3n fue editada en 2008 por el <em>Fotomuseum Winterthur<\/em> en Suiza.<\/p>","protected":false},"excerpt":{"rendered":"<p><strong>Biblioteca LiMAC<\/strong><br \/>\n2009<br \/>\n\u00f3leo sobre lienzo<br \/>\n24,5 x 19 x 0,8 cm.<\/p>\n","protected":false},"author":2,"featured_media":779,"parent":752,"menu_order":1032,"comment_status":"open","ping_status":"open","template":"image.php","meta":{"footnotes":""},"class_list":["post-806","page","type-page","status-publish","has-post-thumbnail","hentry"],"_links":{"self":[{"href":"https:\/\/li-mac.org\/es\/wp-json\/wp\/v2\/pages\/806","targetHints":{"allow":["GET"]}}],"collection":[{"href":"https:\/\/li-mac.org\/es\/wp-json\/wp\/v2\/pages"}],"about":[{"href":"https:\/\/li-mac.org\/es\/wp-json\/wp\/v2\/types\/page"}],"author":[{"embeddable":true,"href":"https:\/\/li-mac.org\/es\/wp-json\/wp\/v2\/users\/2"}],"replies":[{"embeddable":true,"href":"https:\/\/li-mac.org\/es\/wp-json\/wp\/v2\/comments?post=806"}],"version-history":[{"count":12,"href":"https:\/\/li-mac.org\/es\/wp-json\/wp\/v2\/pages\/806\/revisions"}],"predecessor-version":[{"id":11700,"href":"https:\/\/li-mac.org\/es\/wp-json\/wp\/v2\/pages\/806\/revisions\/11700"}],"up":[{"embeddable":true,"href":"https:\/\/li-mac.org\/es\/wp-json\/wp\/v2\/pages\/752"}],"wp:featuredmedia":[{"embeddable":true,"href":"https:\/\/li-mac.org\/es\/wp-json\/wp\/v2\/media\/779"}],"wp:attachment":[{"href":"https:\/\/li-mac.org\/es\/wp-json\/wp\/v2\/media?parent=806"}],"curies":[{"name":"wp","href":"https:\/\/api.w.org\/{rel}","templated":true}]}}