{"id":824,"date":"2011-08-24T23:25:13","date_gmt":"2011-08-24T23:25:13","guid":{"rendered":"http:\/\/li-mac.org\/wp\/"},"modified":"2012-01-18T15:45:28","modified_gmt":"2012-01-18T15:45:28","slug":"migros-museum-fur-gegenwartskunst-1978-2008","status":"publish","type":"page","link":"https:\/\/li-mac.org\/es\/library\/books-zurich\/book-covers\/migros-museum-fur-gegenwartskunst-1978-2008\/","title":{"rendered":"Migros museum f\u00fcr gegenwartskunst 1978 &#8211; 2008"},"content":{"rendered":"<p>Esta pintura fue hecha al tama\u00f1o original del cat\u00e1logo \u201cMigros museum f\u00fcr gegenwartskunst 1978 &#8211; 2008\u201d que presenta el inventario de obras y fotos de exposiciones del museo Migros en Zurich. La publicaci\u00f3n incluye textos sobre el coleccionismo y sobre las din\u00e1micas de museos. Fue editada en 2008 por <em>Jrp Ringier<\/em>.<\/p>","protected":false},"excerpt":{"rendered":"<p><strong>Biblioteca LiMAC<\/strong><br \/>\n2009<br \/>\n\u00f3leo sobre lienzo<br \/>\n32 x 23,5 x 4 cm.<\/p>\n","protected":false},"author":2,"featured_media":783,"parent":752,"menu_order":1034,"comment_status":"open","ping_status":"open","template":"image.php","meta":{"footnotes":""},"class_list":["post-824","page","type-page","status-publish","has-post-thumbnail","hentry"],"_links":{"self":[{"href":"https:\/\/li-mac.org\/es\/wp-json\/wp\/v2\/pages\/824","targetHints":{"allow":["GET"]}}],"collection":[{"href":"https:\/\/li-mac.org\/es\/wp-json\/wp\/v2\/pages"}],"about":[{"href":"https:\/\/li-mac.org\/es\/wp-json\/wp\/v2\/types\/page"}],"author":[{"embeddable":true,"href":"https:\/\/li-mac.org\/es\/wp-json\/wp\/v2\/users\/2"}],"replies":[{"embeddable":true,"href":"https:\/\/li-mac.org\/es\/wp-json\/wp\/v2\/comments?post=824"}],"version-history":[{"count":11,"href":"https:\/\/li-mac.org\/es\/wp-json\/wp\/v2\/pages\/824\/revisions"}],"predecessor-version":[{"id":12147,"href":"https:\/\/li-mac.org\/es\/wp-json\/wp\/v2\/pages\/824\/revisions\/12147"}],"up":[{"embeddable":true,"href":"https:\/\/li-mac.org\/es\/wp-json\/wp\/v2\/pages\/752"}],"wp:featuredmedia":[{"embeddable":true,"href":"https:\/\/li-mac.org\/es\/wp-json\/wp\/v2\/media\/783"}],"wp:attachment":[{"href":"https:\/\/li-mac.org\/es\/wp-json\/wp\/v2\/media?parent=824"}],"curies":[{"name":"wp","href":"https:\/\/api.w.org\/{rel}","templated":true}]}}