{"id":827,"date":"2011-08-24T23:31:01","date_gmt":"2011-08-24T23:31:01","guid":{"rendered":"http:\/\/li-mac.org\/wp\/"},"modified":"2012-01-18T15:49:03","modified_gmt":"2012-01-18T15:49:03","slug":"kunsthalle-zurich-gegenwartskunst-seit-1985","status":"publish","type":"page","link":"https:\/\/li-mac.org\/es\/library\/books-zurich\/book-covers\/kunsthalle-zurich-gegenwartskunst-seit-1985\/","title":{"rendered":"Kunsthalle Z\u00fcrich arte contempor\u00e1neo desde 1985 (Kunsthalle Z\u00fcrich Gegenwartskunst Seit 1985)"},"content":{"rendered":"<p>Esta pintura fue hecha al tama\u00f1o original del cat\u00e1logo \u201cKunsthalle Z\u00fcrich Gegenwartskunst Seit 1985\u201d (Kunsthalle Z\u00fcrich arte contempor\u00e1neo desde 1985) una publicaci\u00f3n que recopila vistas de exposiciones que ocurrieron en este museo. La publicaci\u00f3n fue editada en Mayo 2008 por el mismo museo.<\/p>","protected":false},"excerpt":{"rendered":"<p><strong>Biblioteca LiMAC<\/strong><br \/>\n2009<br \/>\n\u00f3leo sobre lienzo<br \/>\n23 x 16, 5 x 1,7 cm.<\/p>\n","protected":false},"author":2,"featured_media":782,"parent":752,"menu_order":1061,"comment_status":"open","ping_status":"open","template":"image.php","meta":{"footnotes":""},"class_list":["post-827","page","type-page","status-publish","has-post-thumbnail","hentry"],"_links":{"self":[{"href":"https:\/\/li-mac.org\/es\/wp-json\/wp\/v2\/pages\/827","targetHints":{"allow":["GET"]}}],"collection":[{"href":"https:\/\/li-mac.org\/es\/wp-json\/wp\/v2\/pages"}],"about":[{"href":"https:\/\/li-mac.org\/es\/wp-json\/wp\/v2\/types\/page"}],"author":[{"embeddable":true,"href":"https:\/\/li-mac.org\/es\/wp-json\/wp\/v2\/users\/2"}],"replies":[{"embeddable":true,"href":"https:\/\/li-mac.org\/es\/wp-json\/wp\/v2\/comments?post=827"}],"version-history":[{"count":9,"href":"https:\/\/li-mac.org\/es\/wp-json\/wp\/v2\/pages\/827\/revisions"}],"predecessor-version":[{"id":2409,"href":"https:\/\/li-mac.org\/es\/wp-json\/wp\/v2\/pages\/827\/revisions\/2409"}],"up":[{"embeddable":true,"href":"https:\/\/li-mac.org\/es\/wp-json\/wp\/v2\/pages\/752"}],"wp:featuredmedia":[{"embeddable":true,"href":"https:\/\/li-mac.org\/es\/wp-json\/wp\/v2\/media\/782"}],"wp:attachment":[{"href":"https:\/\/li-mac.org\/es\/wp-json\/wp\/v2\/media?parent=827"}],"curies":[{"name":"wp","href":"https:\/\/api.w.org\/{rel}","templated":true}]}}