{"id":828,"date":"2011-08-24T23:32:24","date_gmt":"2011-08-24T23:32:24","guid":{"rendered":"http:\/\/li-mac.org\/wp\/"},"modified":"2012-01-18T15:46:11","modified_gmt":"2012-01-18T15:46:11","slug":"ars-nova","status":"publish","type":"page","link":"https:\/\/li-mac.org\/es\/library\/books-zurich\/book-covers\/ars-nova\/","title":{"rendered":"Ars Nova"},"content":{"rendered":"<p>Esta pintura fue hecha al tama\u00f1o original del cat\u00e1logo \u201cArs Nova.\u201d El libro fue publicado en 2006 por Jrp Ringier en ocasi\u00f3n de la exposici\u00f3n individual de Anselm Reyle en Kunsthall Z\u00fcrich.<\/p>","protected":false},"excerpt":{"rendered":"<p><strong>Biblioteca LiMAC<\/strong><br \/>\n2009<br \/>\n\u00f3leo sobre lienzo<br \/>\n28,5 x 21 x 2,5 cm.<\/p>\n","protected":false},"author":2,"featured_media":781,"parent":752,"menu_order":1040,"comment_status":"open","ping_status":"open","template":"image.php","meta":{"footnotes":""},"class_list":["post-828","page","type-page","status-publish","has-post-thumbnail","hentry"],"_links":{"self":[{"href":"https:\/\/li-mac.org\/es\/wp-json\/wp\/v2\/pages\/828","targetHints":{"allow":["GET"]}}],"collection":[{"href":"https:\/\/li-mac.org\/es\/wp-json\/wp\/v2\/pages"}],"about":[{"href":"https:\/\/li-mac.org\/es\/wp-json\/wp\/v2\/types\/page"}],"author":[{"embeddable":true,"href":"https:\/\/li-mac.org\/es\/wp-json\/wp\/v2\/users\/2"}],"replies":[{"embeddable":true,"href":"https:\/\/li-mac.org\/es\/wp-json\/wp\/v2\/comments?post=828"}],"version-history":[{"count":7,"href":"https:\/\/li-mac.org\/es\/wp-json\/wp\/v2\/pages\/828\/revisions"}],"predecessor-version":[{"id":12148,"href":"https:\/\/li-mac.org\/es\/wp-json\/wp\/v2\/pages\/828\/revisions\/12148"}],"up":[{"embeddable":true,"href":"https:\/\/li-mac.org\/es\/wp-json\/wp\/v2\/pages\/752"}],"wp:featuredmedia":[{"embeddable":true,"href":"https:\/\/li-mac.org\/es\/wp-json\/wp\/v2\/media\/781"}],"wp:attachment":[{"href":"https:\/\/li-mac.org\/es\/wp-json\/wp\/v2\/media?parent=828"}],"curies":[{"name":"wp","href":"https:\/\/api.w.org\/{rel}","templated":true}]}}