{"id":831,"date":"2011-08-24T23:37:29","date_gmt":"2011-08-24T23:37:29","guid":{"rendered":"http:\/\/li-mac.org\/wp\/"},"modified":"2012-01-18T15:46:26","modified_gmt":"2012-01-18T15:46:26","slug":"parkett","status":"publish","type":"page","link":"https:\/\/li-mac.org\/es\/library\/books-zurich\/book-covers\/parkett\/","title":{"rendered":"Parkett No. 31"},"content":{"rendered":"<p>Esta pintura fue hecha al tama\u00f1o original de la revista <em>Parkett<\/em> No. 31. Este n\u00famero presta especial atenci\u00f3n en la obra de David Hammons y Mike Kelly. Fue publicado en Marzo del 1992 por <em>Parkett Verlag AG, Z\u00fcrich.<\/em><\/p>","protected":false},"excerpt":{"rendered":"<p><strong>Biblioteca LiMAC<\/strong><br \/>\n2009<br \/>\n\u00f3leo sobre lienzo<br \/>\n25,5 x 21 cm.<\/p>\n","protected":false},"author":2,"featured_media":784,"parent":752,"menu_order":1043,"comment_status":"open","ping_status":"open","template":"image.php","meta":{"footnotes":""},"class_list":["post-831","page","type-page","status-publish","has-post-thumbnail","hentry"],"_links":{"self":[{"href":"https:\/\/li-mac.org\/es\/wp-json\/wp\/v2\/pages\/831","targetHints":{"allow":["GET"]}}],"collection":[{"href":"https:\/\/li-mac.org\/es\/wp-json\/wp\/v2\/pages"}],"about":[{"href":"https:\/\/li-mac.org\/es\/wp-json\/wp\/v2\/types\/page"}],"author":[{"embeddable":true,"href":"https:\/\/li-mac.org\/es\/wp-json\/wp\/v2\/users\/2"}],"replies":[{"embeddable":true,"href":"https:\/\/li-mac.org\/es\/wp-json\/wp\/v2\/comments?post=831"}],"version-history":[{"count":8,"href":"https:\/\/li-mac.org\/es\/wp-json\/wp\/v2\/pages\/831\/revisions"}],"predecessor-version":[{"id":12149,"href":"https:\/\/li-mac.org\/es\/wp-json\/wp\/v2\/pages\/831\/revisions\/12149"}],"up":[{"embeddable":true,"href":"https:\/\/li-mac.org\/es\/wp-json\/wp\/v2\/pages\/752"}],"wp:featuredmedia":[{"embeddable":true,"href":"https:\/\/li-mac.org\/es\/wp-json\/wp\/v2\/media\/784"}],"wp:attachment":[{"href":"https:\/\/li-mac.org\/es\/wp-json\/wp\/v2\/media?parent=831"}],"curies":[{"name":"wp","href":"https:\/\/api.w.org\/{rel}","templated":true}]}}