{"id":832,"date":"2011-08-24T23:40:09","date_gmt":"2011-08-24T23:40:09","guid":{"rendered":"http:\/\/li-mac.org\/wp\/"},"modified":"2012-01-18T15:47:28","modified_gmt":"2012-01-18T15:47:28","slug":"when-humor-becomes-painful","status":"publish","type":"page","link":"https:\/\/li-mac.org\/es\/library\/books-zurich\/book-covers\/when-humor-becomes-painful\/","title":{"rendered":"Cuando el humor se vuelve doloroso (When Humor Becomes Painful)"},"content":{"rendered":"<p>Esta pintura fue hecha al tama\u00f1o original del cat\u00e1logo \u201cWhen Humor Becomes Painful\u00bb (Cuando el Humor se vuelve doloroso), una exposici\u00f3n que establece una tensi\u00f3n entre humor y sobriedad. La publicaci\u00f3n fue editada en 2005 por JRP Ringier para el Museo Migros de Z\u00fcrich.<\/p>","protected":false},"excerpt":{"rendered":"<p><strong>Biblioteca LiMAC<\/strong><br \/>\n2009<br \/>\n\u00f3leo sobre lienzo<br \/>\n23,5 x 16,5 x 3 cm.<\/p>\n","protected":false},"author":2,"featured_media":785,"parent":752,"menu_order":1045,"comment_status":"open","ping_status":"open","template":"image.php","meta":{"footnotes":""},"class_list":["post-832","page","type-page","status-publish","has-post-thumbnail","hentry"],"_links":{"self":[{"href":"https:\/\/li-mac.org\/es\/wp-json\/wp\/v2\/pages\/832","targetHints":{"allow":["GET"]}}],"collection":[{"href":"https:\/\/li-mac.org\/es\/wp-json\/wp\/v2\/pages"}],"about":[{"href":"https:\/\/li-mac.org\/es\/wp-json\/wp\/v2\/types\/page"}],"author":[{"embeddable":true,"href":"https:\/\/li-mac.org\/es\/wp-json\/wp\/v2\/users\/2"}],"replies":[{"embeddable":true,"href":"https:\/\/li-mac.org\/es\/wp-json\/wp\/v2\/comments?post=832"}],"version-history":[{"count":7,"href":"https:\/\/li-mac.org\/es\/wp-json\/wp\/v2\/pages\/832\/revisions"}],"predecessor-version":[{"id":12151,"href":"https:\/\/li-mac.org\/es\/wp-json\/wp\/v2\/pages\/832\/revisions\/12151"}],"up":[{"embeddable":true,"href":"https:\/\/li-mac.org\/es\/wp-json\/wp\/v2\/pages\/752"}],"wp:featuredmedia":[{"embeddable":true,"href":"https:\/\/li-mac.org\/es\/wp-json\/wp\/v2\/media\/785"}],"wp:attachment":[{"href":"https:\/\/li-mac.org\/es\/wp-json\/wp\/v2\/media?parent=832"}],"curies":[{"name":"wp","href":"https:\/\/api.w.org\/{rel}","templated":true}]}}