{"id":951,"date":"2011-08-25T11:20:19","date_gmt":"2011-08-25T11:20:19","guid":{"rendered":"http:\/\/li-mac.org\/wp\/"},"modified":"2014-02-12T19:56:45","modified_gmt":"2014-02-12T19:56:45","slug":"manfred-pernice-regal-i","status":"publish","type":"page","link":"https:\/\/li-mac.org\/es\/collection\/elo-khan-donation\/works-2\/manfred-pernice-regal-i\/","title":{"rendered":"(R)egal l (Estanter\u00eda \/ da igual)"},"content":{"rendered":"","protected":false},"excerpt":{"rendered":"<p><strong> Manfred Pernice<\/strong> <small>(Alemania, 1963)<\/small><br \/>\n2010<br \/>\nMixed media<br \/>\n140 x 107 x 20 cm.<\/p>\n<p><small><a href=\"http:\/\/www.schwarzwaelder.at\/\" rel=\"external\">(Cortes\u00eda Galer\u00eda n\u00e4chst St. Stephan Rosemarie Schwarzw\u00e4lder, Vienna)<\/a><\/small><\/p>\n","protected":false},"author":2,"featured_media":5007,"parent":9906,"menu_order":361,"comment_status":"open","ping_status":"open","template":"image.php","meta":{"footnotes":""},"class_list":["post-951","page","type-page","status-publish","has-post-thumbnail","hentry"],"_links":{"self":[{"href":"https:\/\/li-mac.org\/es\/wp-json\/wp\/v2\/pages\/951","targetHints":{"allow":["GET"]}}],"collection":[{"href":"https:\/\/li-mac.org\/es\/wp-json\/wp\/v2\/pages"}],"about":[{"href":"https:\/\/li-mac.org\/es\/wp-json\/wp\/v2\/types\/page"}],"author":[{"embeddable":true,"href":"https:\/\/li-mac.org\/es\/wp-json\/wp\/v2\/users\/2"}],"replies":[{"embeddable":true,"href":"https:\/\/li-mac.org\/es\/wp-json\/wp\/v2\/comments?post=951"}],"version-history":[{"count":41,"href":"https:\/\/li-mac.org\/es\/wp-json\/wp\/v2\/pages\/951\/revisions"}],"predecessor-version":[{"id":20269,"href":"https:\/\/li-mac.org\/es\/wp-json\/wp\/v2\/pages\/951\/revisions\/20269"}],"up":[{"embeddable":true,"href":"https:\/\/li-mac.org\/es\/wp-json\/wp\/v2\/pages\/9906"}],"wp:featuredmedia":[{"embeddable":true,"href":"https:\/\/li-mac.org\/es\/wp-json\/wp\/v2\/media\/5007"}],"wp:attachment":[{"href":"https:\/\/li-mac.org\/es\/wp-json\/wp\/v2\/media?parent=951"}],"curies":[{"name":"wp","href":"https:\/\/api.w.org\/{rel}","templated":true}]}}